{"id":1006,"date":"2024-01-23T21:45:52","date_gmt":"2024-01-23T20:45:52","guid":{"rendered":"https:\/\/ats-genie-civil-saint-lambert.fr\/wpats\/?page_id=1006"},"modified":"2026-02-09T11:25:26","modified_gmt":"2026-02-09T10:25:26","slug":"temoignage","status":"publish","type":"page","link":"https:\/\/ats-genie-civil-saint-lambert.fr\/wpats\/temoignage\/","title":{"rendered":"T\u00e9moignages"},"content":{"rendered":"<p>Vous trouverez sur cette page des t\u00e9moignages d\u2019anciens \u00e9tudiants qui sont pass\u00e9s par l\u2019ATS g\u00e9nie civil de Paris.<\/p>\n<div>\n<h4>Sana (2024-2025)<\/h4>\n<p><strong>BUT2 GCCD \u2192 ATS \u2192 EIVP (\u00e9tudiant)<\/strong><\/p>\n<p dir=\"auto\">Apr\u00e8s mon baccalaur\u00e9at, j\u2019ai int\u00e9gr\u00e9 un BUT GCCD que j\u2019ai suivi pendant deux ans. \u00c0 l\u2019issue de ce parcours, j\u2019ai d\u00e9couvert la pr\u00e9pa ATS un peu par hasard. Pour ma part, arrivant d\u2019un BUT GCCD, c\u2019\u00e9tait un vrai plus, car cela m\u2019a permis de commencer l\u2019ann\u00e9e avec de bonnes bases.<\/p>\n<p dir=\"auto\">Le cadre de travail en pr\u00e9pa ATS est particuli\u00e8rement propice \u00e0 l\u2019apprentissage : on se retrouve dans une petite classe et on n\u2019est pas noy\u00e9 dans une promotion de plusieurs centaines d\u2019\u00e9tudiants, ce qui facilite le suivi et les \u00e9changes avec les professeurs. Cette pr\u00e9pa assure \u00e9galement le lien parfait entre le BUT et l\u2019\u00e9cole d\u2019ing\u00e9nieur, en permettant de consolider ses connaissances scientifiques.<\/p>\n<p dir=\"auto\">L\u2019ann\u00e9e de pr\u00e9pa n\u2019est pas simple : le rythme est soutenu et les exigences sont \u00e9lev\u00e9es, mais il n\u2019y a pas de secret : le travail fait toute la diff\u00e9rence. Gr\u00e2ce \u00e0 la rigueur et \u00e0 l\u2019investissement personnel, les progr\u00e8s sont r\u00e9els et les r\u00e9sultats arrivent.<\/p>\n<p dir=\"auto\">La meilleure r\u00e9compense \u00e0 l\u2019issue de cette pr\u00e9pa a \u00e9t\u00e9 la multiplicit\u00e9 des \u00e9coles obtenues (ENISE, UTC, ISABTP, EIVP\u2026), preuve que les efforts portent leurs fruits. Cette ann\u00e9e m\u2019a permis de garantir mon entr\u00e9e en \u00e9cole d\u2019ing\u00e9nieur, tout en abordant la suite de mon parcours de mani\u00e8re sereine.<\/p>\n<p dir=\"auto\">Je tiens \u00e0 remercier tous les professeurs pour leur soutien et leur disponibilit\u00e9 tout au long de l\u2019ann\u00e9e. La pr\u00e9pa ATS est un excellent tremplin vers une \u00e9cole d\u2019ing\u00e9nieur, et pour r\u00e9ussir, le secret reste toujours le m\u00eame : travailler s\u00e9rieusement et r\u00e9guli\u00e8rement.<\/p>\n<\/div>\n<p>&nbsp;<\/p>\n<div>\n<h4>Tristan (2024-2025)<\/h4>\n<p><strong>BTS SCBH \u2192 ATS \u2192 UTC (\u00e9tudiant)<\/strong><\/p>\n<p dir=\"auto\">Durant mon BTS effectu\u00e9 en alternance j&rsquo;ai trouv\u00e9 une motivation et la maturit\u00e9 que je<br \/>\nn&rsquo;avais pas au lyc\u00e9e. Cela m&rsquo;a amen\u00e9 \u00e0 me renseigner sur l&rsquo;acc\u00e8s aux grandes \u00e9coles<br \/>\nd&rsquo;ing\u00e9nieurs, j&rsquo;avais le choix entre une licence dans mon domaine et une CPGE ATS en G\u00e9nie<br \/>\nCivil. J&rsquo;ai choisi la CPGE ATS pour consolider et am\u00e9liorer tr\u00e8s largement mes connaissances<br \/>\nscientifiques.<\/p>\n<p dir=\"auto\">Apr\u00e8s un BTS valid\u00e9 sans routine de travail particuli\u00e8re, l&rsquo;organisation que requ\u00e9rait la CPGE<br \/>\nATS repr\u00e9sente un gap important. Heureusement pour moi, au lyc\u00e9e Saint Lambert, les<br \/>\nprofesseurs sont tr\u00e8s humains et de bon conseil, c&rsquo;est rassurant.<br \/>\nLe fait de renouer avec ma capacit\u00e9 \u00e0 r\u00e9fl\u00e9chir sur des probl\u00e8mes complexes a \u00e9t\u00e9 un vrai<br \/>\nplaisir, m\u00eame dans les p\u00e9riodes difficiles de l&rsquo;ann\u00e9e je n&rsquo;ai jamais dout\u00e9 de mon choix d&rsquo;\u00eatre<br \/>\ndans ce cursus. Je garde un excellent souvenir de cette ann\u00e9e, tant sur le plan scolaire que<br \/>\npersonnel, avec des rencontres g\u00e9niales.<\/p>\n<p dir=\"auto\">J&rsquo;ai int\u00e9gr\u00e9 en septembre 2025 l&rsquo;Universit\u00e9 de Technologie de Compi\u00e8gne (UTC) en G\u00e9nie Urbain.<\/p>\n<p dir=\"auto\">J&rsquo;avais candidat\u00e9 en parall\u00e8le dans beaucoup d&rsquo;\u00e9coles, voici la liste des r\u00e9ponses positives ou convocation en entretien que j&rsquo;avais obtenues : ESTP via Ing\u00e9nieur 2000 (apprentissage), ESITC Paris (apprentissage et \u00e9tudiant), EIVP (apprentissage et \u00e9tudiant), ESITC Metz (apprentissage et \u00e9tudiant), ENSTIB (\u00e9tudiant), ITII Centrale Nantes (apprentissage), ENISE (apprentissage et \u00e9tudiant), IMT Albi (apprentissage uniquement), IMT Al\u00e8s (apprentissage uniquement), IMT Nord-Europe (apprentissage uniquement), INSA Rouen (apprentissage et \u00e9tudiant), INSA Toulouse (apprentissage et \u00e9tudiant), UTC (\u00e9tudiant).<\/p>\n<\/div>\n<p>&nbsp;<\/p>\n<div>\n<h4>Gaspard (2024-2025)<\/h4>\n<p><strong>BUT2 GCCD \u2192 ATS \u2192 EIVP (\u00e9tudiant)<\/strong><\/p>\n<p dir=\"auto\">Apr\u00e8s avoir obtenu un baccalaur\u00e9at g\u00e9n\u00e9ral avec sp\u00e9cialit\u00e9s en math\u00e9matiques et en<br \/>\nphysique, j\u2019ai choisi d\u2019orienter mon parcours vers le domaine du g\u00e9nie civil. Durant les<br \/>\ndeux premi\u00e8res ann\u00e9es post-bac, j\u2019ai suivi une formation en BUT G\u00e9nie Civil et<br \/>\nConstruction Durable. Cette formation m\u2019a permis d\u2019acqu\u00e9rir de nombreuses<br \/>\ncomp\u00e9tences, aussi bien lors de stages que gr\u00e2ce aux cours th\u00e9oriques.<\/p>\n<p dir=\"auto\">Cependant, j\u2019ai constat\u00e9 un r\u00e9el d\u00e9calage entre mes ambitions et les d\u00e9bouch\u00e9s<br \/>\nprofessionnels offerts par cette formation. Souhaitant poursuivre mes \u00e9tudes en<br \/>\ning\u00e9nierie, j\u2019ai d\u00e9cid\u00e9 d\u2019int\u00e9grer la classe pr\u00e9paratoire ATS du lyc\u00e9e Saint-Lambert. Ce choix<br \/>\nm\u2019a permis d\u2019approfondir mes connaissances dans les mati\u00e8res plus th\u00e9oriques,<br \/>\nenseign\u00e9es en pr\u00e9pa et non en BUT.<\/p>\n<p dir=\"auto\">La classe pr\u00e9paratoire a donc \u00e9t\u00e9, comme je l\u2019ai dit, un catalyseur : elle m\u2019a permis de<br \/>\nme sentir plus l\u00e9gitime et plus \u00e0 l\u2019aise dans la suite de mes \u00e9tudes. Cette ann\u00e9e a aussi<br \/>\n\u00e9t\u00e9 marqu\u00e9e par un rythme de travail intense, n\u00e9cessitant de centrer la majorit\u00e9 de mes<br \/>\njourn\u00e9es sur les cours et d\u2019adopter une routine de travail rigoureuse. Malgr\u00e9 les<br \/>\ndifficult\u00e9s, les professeurs ont su nous motiver. Peu importe le probl\u00e8me, ils ont<br \/>\ntoujours \u00e9t\u00e9 pr\u00e9sents pour nous r\u00e9expliquer les notions et se rendre disponibles, m\u00eame<br \/>\nle week-end.<\/p>\n<p dir=\"auto\">J\u2019ai finalement int\u00e9gr\u00e9, en septembre 2025, l\u2019\u00c9cole des ing\u00e9nieurs de la ville de Paris,<br \/>\nsitu\u00e9e dans le 19e arrondissement. J\u2019ai \u00e9galement \u00e9t\u00e9 admis dans d\u2019autres \u00e9coles<br \/>\nd\u2019ing\u00e9nieurs, telles que l\u2019ENISE (Centrale Lyon), l\u2019ESTP, ainsi que les INSA de Strasbourg,<br \/>\nToulouse et Hauts-de-France. De plus, j\u2019ai \u00e9t\u00e9 admissible \u00e0 l\u2019ENS gr\u00e2ce \u00e0 mon bon<br \/>\ndossier et \u00e0 mon parcours ant\u00e9rieur.<\/p>\n<\/div>\n<p>&nbsp;<\/p>\n<div>\n<h4>Mandjou (2024-2025)<\/h4>\n<p><strong>BTS TP \u2192 ATS \u2192 ESTP\u00a0 (apprenti)<\/strong><\/p>\n<p dir=\"auto\">Pour moi, la pr\u00e9pa ATS a \u00e9t\u00e9 un v\u00e9ritable tremplin qui m\u2019a permis d\u2019int\u00e9grer l&rsquo;ESTP ing\u00e9nieur sp\u00e9cialit\u00e9 travaux publics en alternance, une formation prestigieuse que je visais d\u00e9j\u00e0 depuis mon BTS.<\/p>\n<p dir=\"auto\">Pendant mon BTS, j\u2019avais l\u2019habitude de ne pas trop travailler tout en obtenant de bons r\u00e9sultats. C\u2019est donc avec cette mentalit\u00e9 que je suis arriv\u00e9 en pr\u00e9pa. Mais j\u2019ai vite compris que, si je voulais progresser et que cette ann\u00e9e m\u2019ouvre les portes pour atteindre mon objectif, il fallait changer de m\u00e9thode. J\u2019ai alors mis en place un programme de travail, avec environ deux heures d\u2019\u00e9tude chaque soir, que je me suis forc\u00e9 \u00e0 respecter.<\/p>\n<p dir=\"auto\">Gr\u00e2ce \u00e0 cette rigueur, j\u2019ai constat\u00e9 une nette am\u00e9lioration de mes r\u00e9sultats.<\/p>\n<p dir=\"auto\">Je dirais que la pr\u00e9pa ATS est une belle opportunit\u00e9 pour atteindre ses objectifs, \u00e0 condition de s\u2019investir s\u00e9rieusement.<\/p>\n<p dir=\"auto\">A la fin j\u2019ai \u00e9t\u00e9 admis dans plusieurs \u00e9coles\u00a0 : EIVP, ISABTP, ESIEE, IMT, Polytech Marseille et ESTP.<\/p>\n<p dir=\"auto\">En plus on y est accompagn\u00e9 par des professeurs attentifs et disponibles, qui nous soutiennent au maximum.<\/p>\n<p dir=\"auto\">Un grand merci \u00e0 tous les enseignants !<\/p>\n<\/div>\n<h4>ARNAUD (2023-2024)<\/h4>\n<p><strong>BTS TP \u2192 ATS \u2192 ISABTP (\u00e9tudiant)<\/strong><\/p>\n<p>L&rsquo;ann\u00e9e pass\u00e9e en classe ATS g\u00e9nie civil a jou\u00e9 un r\u00f4le crucial dans mon cheminement vers une \u00e9cole d&rsquo;ing\u00e9nieurs.<br \/>\nGr\u00e2ce \u00e0 elle, j&rsquo;ai pu consolider mes connaissances scientifiques tout en \u00e9laborant une m\u00e9thodologie de travail rigoureuse et efficace, ce qui est essentiel pour r\u00e9ussir dans le domaine de l&rsquo;enseignement sup\u00e9rieur.<br \/>\nLes professeurs, toujours disponibles et impliqu\u00e9s, m&rsquo;ont accompagn\u00e9 avec bienveillance, tout en me permettant de surpasser mes limites.<br \/>\nGr\u00e2ce \u00e0 cette ann\u00e9e intense, j&rsquo;ai acquis confiance en mes comp\u00e9tences et j&rsquo;ai pu acc\u00e9der \u00e0 l&rsquo;\u00e9cole d&rsquo;ing\u00e9nieurs que je souhaitais.<\/p>\n<p>&nbsp;<\/p>\n<h4>NICOLAS (2022-2023)<\/h4>\n<p><strong>BTS SNEC \u2192 ATS \u2192 EIVP (\u00e9tudiant)<\/strong><\/p>\n<p>J&rsquo;ai choisi de rentrer en classe pr\u00e9paratoire ATS en septembre 2022 \u00e0 la suite d\u2019un parcours sinueux.<\/p>\n<p>En 2018, apr\u00e8s un Baccalaur\u00e9at scientifique sans mention, j\u2019ai int\u00e9gr\u00e9 une \u00e9cole d\u2019ing\u00e9nieur (ESIE ). Apr\u00e8s 7 mois en \u00e9tant plut\u00f4t passif je quitte cette \u00e9cole. je n\u2019\u00e9tais pas m\u00fbr, ni motiv\u00e9 d\u2019o\u00f9 mon abandon. \u00c0 la rentr\u00e9e 2019 j\u2019int\u00e8gre un BTS syst\u00e8me num\u00e9rique option \u00e9lectronique et communication que j\u2019obtiens \u00e0 11 de moyenne gr\u00e2ce \u00e0 davantage de travail mais sans un effort particuli\u00e8rement intense.<br \/>\nEnsuite aucune \u00e9cole d\u2019ing\u00e9nieur n\u2019a accept\u00e9 ma demande d\u2019int\u00e9gration j\u2019ai donc choisi de r\u00e9aliser une formation en Hyperfr\u00e9quence (FCIL) en alternance avec Thales DMS. C\u2019est l\u2019ann\u00e9e o\u00f9 j\u2019ai m\u00fbri et que j\u2019ai d\u00e9velopp\u00e9 une tr\u00e8s forte motivation \u00e0 int\u00e9grer une \u00e9cole d\u2019ing\u00e9nieur.<\/p>\n<p>Venant d\u2019un domaine autre que le G\u00e9nie Civil, j\u2019ai longuement r\u00e9fl\u00e9chi avant d\u2019int\u00e9grer la pr\u00e9pa ATS de Saint Lambert mais le professeur de G\u00e9nie Civil d&rsquo;ATS m\u2019a convaincu en m\u2019expliquant que ce qui allait compter durant cette ann\u00e9e de pr\u00e9pa sera mon assiduit\u00e9, ma volont\u00e9 d\u2019apprendre et de r\u00e9viser tout au long de l\u2019ann\u00e9e !<\/p>\n<p>J\u2019ai donc opt\u00e9 pour la pr\u00e9pa ATS de Saint Lambert et ce f\u00fbt la meilleure d\u00e9cision de ma vie (sans exag\u00e9rer !).<br \/>\nJ\u2019y ai acquis une grande rigueur, des connaissances solides en physique, maths et g\u00e9nie civil, ainsi qu\u2019une m\u00e9thode de travail qui fait de moi un profil convoit\u00e9 par les \u00e9coles d\u2019ing\u00e9nieurs.<\/p>\n<p>Mon conseil pour r\u00e9ussir une ann\u00e9e d\u2019ATS :<br \/>\n\u2043 R\u00e9viser quotidiennement apr\u00e8s les cours \u00e0 la biblioth\u00e8que pour une meilleure stimulation !<br \/>\n\u2043 Avoir un petit groupe ( max 2 personnes avec vous ) pour se porter vers le haut en travaillant ensemble<br \/>\n\u2043 Apr\u00e8s chaque colle, refaire exactement les m\u00eames exercices pour un boost de m\u00e9morisation et de compr\u00e9hension<br \/>\n\u2043 Garder \u00e0 l\u2019esprit que vous avez 8 mois de travail qui vont vous ouvrir des portes que vous n\u2019auriez jamais esp\u00e9r\u00e9es\u2026 ALORS DONNEZ TOUT !<\/p>\n<p>Apr\u00e8s une pr\u00e9pa ATS, vous aurez une bien meilleure r\u00e9silience au travail, vous saurez r\u00e9fl\u00e9chir avec s\u00e9r\u00e9nit\u00e9 face \u00e0 un probl\u00e8me car la difficult\u00e9 ne vous fera plus peur !<br \/>\nSi vous vous donnez \u00e0 fond pendant ces 8 mois, vous constaterez que la pr\u00e9pa peut sonner comme une le\u00e7on de vie.<\/p>\n<p>Finalement, ce qui caract\u00e9rise selon moi la pr\u00e9pa ATS, c\u2019est la maturit\u00e9 des \u00e9l\u00e8ves qui y \u00e9tudient, ainsi que l\u2019accompagnement p\u00e9dagogique de qualit\u00e9 qui permet \u00e0 chacun de progresser.<\/p>\n<p>Si vous h\u00e9sitiez alors n\u2019h\u00e9sitez plus !<\/p>\n<p>&nbsp;<\/p>\n<h4>YASSINE (2022-2023)<\/h4>\n<p><strong>DUT GCCD \u2192 ATS \u2192 ESTP (apprenti)<\/strong><\/p>\n<p>La pr\u00e9pa ATS g\u00e9nie civil a \u00e9t\u00e9 un v\u00e9ritable tournant dans mon parcours acad\u00e9mique !<\/p>\n<p>Gr\u00e2ce \u00e0 des professeurs d\u00e9vou\u00e9s, j&rsquo;ai non seulement perfectionn\u00e9 mes comp\u00e9tences en sciences, mais j&rsquo;ai aussi d\u00e9croch\u00e9 une place dans une \u00e9cole d&rsquo;ing\u00e9nieurs prestigieuse en France. Cette formation m&rsquo;a fourni<br \/>\ndes bases solides, me permettant de naviguer avec aisance dans le milieu exigeant d&rsquo;une \u00e9cole<br \/>\nd&rsquo;ing\u00e9nieur.<\/p>\n<p>Sans aucun doute, je ne regrette absolument pas cette exp\u00e9rience, car elle a \u00e9t\u00e9 incroyablement enrichissante et a fa\u00e7onn\u00e9 positivement mon avenir acad\u00e9mique et professionnel.<\/p>\n","protected":false},"excerpt":{"rendered":"<p>Vous trouverez sur cette page des t\u00e9moignages d\u2019anciens \u00e9tudiants qui sont pass\u00e9s par l\u2019ATS g\u00e9nie civil de Paris. Sana (2024-2025) BUT2 GCCD \u2192 ATS \u2192 EIVP (\u00e9tudiant) Apr\u00e8s mon baccalaur\u00e9at, j\u2019ai int\u00e9gr\u00e9 un BUT GCCD que j\u2019ai suivi pendant deux ans. \u00c0 l\u2019issue de ce parcours, j\u2019ai d\u00e9couvert la pr\u00e9pa ATS un peu par hasard. &hellip; <a href=\"https:\/\/ats-genie-civil-saint-lambert.fr\/wpats\/temoignage\/\" class=\"more-link\">Continuer la lecture<span class=\"screen-reader-text\"> de &laquo;&nbsp;T\u00e9moignages&nbsp;&raquo;<\/span><\/a><\/p>\n","protected":false},"author":1,"featured_media":0,"parent":0,"menu_order":0,"comment_status":"closed","ping_status":"closed","template":"","meta":{"footnotes":""},"class_list":["post-1006","page","type-page","status-publish","hentry"],"jetpack_sharing_enabled":true,"_links":{"self":[{"href":"https:\/\/ats-genie-civil-saint-lambert.fr\/wpats\/wp-json\/wp\/v2\/pages\/1006","targetHints":{"allow":["GET"]}}],"collection":[{"href":"https:\/\/ats-genie-civil-saint-lambert.fr\/wpats\/wp-json\/wp\/v2\/pages"}],"about":[{"href":"https:\/\/ats-genie-civil-saint-lambert.fr\/wpats\/wp-json\/wp\/v2\/types\/page"}],"author":[{"embeddable":true,"href":"https:\/\/ats-genie-civil-saint-lambert.fr\/wpats\/wp-json\/wp\/v2\/users\/1"}],"replies":[{"embeddable":true,"href":"https:\/\/ats-genie-civil-saint-lambert.fr\/wpats\/wp-json\/wp\/v2\/comments?post=1006"}],"version-history":[{"count":15,"href":"https:\/\/ats-genie-civil-saint-lambert.fr\/wpats\/wp-json\/wp\/v2\/pages\/1006\/revisions"}],"predecessor-version":[{"id":1297,"href":"https:\/\/ats-genie-civil-saint-lambert.fr\/wpats\/wp-json\/wp\/v2\/pages\/1006\/revisions\/1297"}],"wp:attachment":[{"href":"https:\/\/ats-genie-civil-saint-lambert.fr\/wpats\/wp-json\/wp\/v2\/media?parent=1006"}],"curies":[{"name":"wp","href":"https:\/\/api.w.org\/{rel}","templated":true}]}}