{"id":1184,"date":"2025-02-05T13:59:13","date_gmt":"2025-02-05T12:59:13","guid":{"rendered":"https:\/\/ats-genie-civil-saint-lambert.fr\/wpats\/?page_id=1184"},"modified":"2025-02-05T20:50:03","modified_gmt":"2025-02-05T19:50:03","slug":"promotions-2023-2024","status":"publish","type":"page","link":"https:\/\/ats-genie-civil-saint-lambert.fr\/wpats\/resultats\/promotions-2023-2024\/","title":{"rendered":"Promotion 2022-2023"},"content":{"rendered":"<p>Voici les r\u00e9sultats\u00a0 de notre premi\u00e8re promotion (2022-2023) de CPGE ATS G\u00e9nie Civil du Lyc\u00e9e du b\u00e2timent\u00a0Saint-Lambert Paris !<\/p>\n<table border=\"0\" width=\"815\" cellspacing=\"0\">\n<colgroup width=\"381\"><\/colgroup>\n<colgroup width=\"82\"><\/colgroup>\n<tbody>\n<tr>\n<td align=\"left\" height=\"47\"><b>\u00c9coles<\/b><\/td>\n<td align=\"left\">Nombre d\u2019admissions<\/td>\n<\/tr>\n<tr>\n<td align=\"left\" height=\"17\"><b>ENSAM Arts et m\u00e9tiers Aix en Provence<\/b><\/td>\n<td align=\"right\">1<\/td>\n<\/tr>\n<tr>\n<td align=\"left\" height=\"17\"><b>IMT Mines (Institut Mines-T\u00e9l\u00e9com) Al\u00e8s<\/b><\/td>\n<td align=\"right\">3<\/td>\n<\/tr>\n<tr>\n<td align=\"left\" height=\"17\"><b>Centrale Lyon<\/b><\/td>\n<td align=\"right\">1<\/td>\n<\/tr>\n<tr>\n<td align=\"left\" height=\"17\"><b>UTC Compi\u00e8gne<\/b><\/td>\n<td align=\"right\">1<\/td>\n<\/tr>\n<tr>\n<td align=\"left\" height=\"17\"><b>ENSAM Arts et m\u00e9tiers Chamb\u00e9ry<\/b><\/td>\n<td align=\"right\">1<\/td>\n<\/tr>\n<tr>\n<td align=\"left\" height=\"17\"><b>EIVP (\u00c9cole des ing\u00e9nieurs de la ville de Paris) <\/b><\/td>\n<td align=\"right\">5<\/td>\n<\/tr>\n<tr>\n<td align=\"left\" height=\"32\"><b>ESITC Metz (\u00c9cole Sup\u00e9rieure d\u2019Ing\u00e9nieurs des Travaux de la Construction) Metz<\/b><\/td>\n<td align=\"right\">2<\/td>\n<\/tr>\n<tr>\n<td align=\"left\" height=\"32\"><b>ESITC Paris (\u00c9cole Sup\u00e9rieure d\u2019Ing\u00e9nieurs des Travaux de la Construction) Cachan<\/b><\/td>\n<td align=\"right\">2<\/td>\n<\/tr>\n<tr>\n<td align=\"left\" height=\"17\"><b>CNAM (Conservatoire national des arts et m\u00e9tiers) <\/b><\/td>\n<td align=\"right\">2<\/td>\n<\/tr>\n<tr>\n<td align=\"left\" height=\"17\"><b>ESIPE (\u00c9cole Sup\u00e9rieure d\u2019Ing\u00e9nieurs de Paris-Est) <\/b><\/td>\n<td align=\"right\">2<\/td>\n<\/tr>\n<tr>\n<td align=\"left\" height=\"32\"><b>ESTP (\u00c9cole sp\u00e9ciale des travaux publics, du b\u00e2timent et de l&rsquo;industrie) Paris<\/b><\/td>\n<td align=\"right\">7<\/td>\n<\/tr>\n<tr>\n<td align=\"left\" height=\"17\"><b>Polytech Nice-Sophia<\/b><\/td>\n<td align=\"right\">2<\/td>\n<\/tr>\n<tr>\n<td align=\"left\" height=\"17\"><b>ENTPE\u00a0(\u00c9cole nationale des travaux publics de l&rsquo;\u00c9tat)<\/b><\/td>\n<td align=\"right\">1<\/td>\n<\/tr>\n<tr>\n<td align=\"left\" height=\"17\"><b>INSA (Institut National des Sciences appliqu\u00e9es) Strasbourg<\/b><\/td>\n<td align=\"right\">2<\/td>\n<\/tr>\n<tr>\n<td align=\"left\" height=\"17\"><b>EIGSI (\u00c9cole d&rsquo;ing\u00e9nieurs g\u00e9n\u00e9ralistes) La Rochelle<\/b><\/td>\n<td align=\"right\">1<\/td>\n<\/tr>\n<tr>\n<td align=\"left\" height=\"17\"><b>Polytech Annecy-Chamb\u00e9ry<\/b><\/td>\n<td align=\"right\">1<\/td>\n<\/tr>\n<tr>\n<td align=\"left\" height=\"17\"><b>Polytech Orl\u00e9ans<\/b><\/td>\n<td align=\"right\">1<\/td>\n<\/tr>\n<tr>\n<td align=\"left\" height=\"17\"><b>Polytech Montpellier<\/b><\/td>\n<td align=\"right\">1<\/td>\n<\/tr>\n<tr>\n<td align=\"left\" height=\"17\"><b>Polytech Sorbonne<\/b><\/td>\n<td align=\"right\">1<\/td>\n<\/tr>\n<tr>\n<td align=\"left\" height=\"17\"><b>ISABTP (Institut Sup\u00e9rieur Aquitain) <\/b><\/td>\n<td align=\"right\">2<\/td>\n<\/tr>\n<tr>\n<td align=\"left\" height=\"17\"><b>HEI JUNIA (\u00e9cole des hautes \u00e9tudes d&rsquo;ing\u00e9nieur) Campus Lille<\/b><\/td>\n<td align=\"right\">2<\/td>\n<\/tr>\n<tr>\n<td align=\"left\" height=\"17\"><b>ECAM Lyon<\/b><\/td>\n<td align=\"right\">1<\/td>\n<\/tr>\n<tr>\n<td align=\"left\" height=\"17\"><b>ESIEE (ESIEE) Paris<\/b><\/td>\n<td align=\"right\">1<\/td>\n<\/tr>\n<tr>\n<td align=\"left\" height=\"32\"><b>EFREI\u00a0(\u00c9cole d\u2019ing\u00e9nieur en informatique et technologies du num\u00e9rique)<\/b><\/td>\n<td align=\"right\">1<\/td>\n<\/tr>\n<tr>\n<td align=\"left\" height=\"17\"><b>BUILDERS \u00c9cole d\u2019ing\u00e9nieurs Caen<\/b><\/td>\n<td align=\"left\">4<\/td>\n<\/tr>\n<tr>\n<td align=\"left\" height=\"17\"><b>ENIT (\u00c9cole nationale d&rsquo;ing\u00e9nieurs &#8211; INP Toulouse) Tarbes<\/b><\/td>\n<td align=\"left\">3<\/td>\n<\/tr>\n<tr>\n<td align=\"left\" height=\"17\"><b>ESGT (\u00c9cole Sup\u00e9rieure des G\u00e9om\u00e8tres et Topographes) <\/b><\/td>\n<td align=\"left\">2<\/td>\n<\/tr>\n<tr>\n<td align=\"left\" height=\"17\"><b>BUILDERS \u00c9cole d\u2019ing\u00e9nieurs Lyon<\/b><\/td>\n<td align=\"left\">2<\/td>\n<\/tr>\n<tr>\n<td align=\"left\" height=\"32\"><b>ESTIA (\u00c9cole sup\u00e9rieure des technologies industrielles avanc\u00e9es) Bidart<\/b><\/td>\n<td align=\"left\">3<\/td>\n<\/tr>\n<tr>\n<td align=\"left\" height=\"17\"><b>INSA (Institut National des Sciences appliqu\u00e9es) Rennes<\/b><\/td>\n<td align=\"left\">1<\/td>\n<\/tr>\n<tr>\n<td align=\"left\" height=\"17\"><b>INSA (Institut National des Sciences Appliqu\u00e9es) Lyon<\/b><\/td>\n<td align=\"left\">1<\/td>\n<\/tr>\n<tr>\n<td align=\"left\" height=\"17\"><b>INSA (Institut National des Sciences Appliqu\u00e9es) Toulouse<\/b><\/td>\n<td align=\"left\">1<\/td>\n<\/tr>\n<tr>\n<td align=\"left\" height=\"17\"><b>INSA (Institut National des Sciences Appliqu\u00e9es) Rouen<\/b><\/td>\n<td align=\"left\">1<\/td>\n<\/tr>\n<\/tbody>\n<\/table>\n","protected":false},"excerpt":{"rendered":"<p>Voici les r\u00e9sultats\u00a0 de notre premi\u00e8re promotion (2022-2023) de CPGE ATS G\u00e9nie Civil du Lyc\u00e9e du b\u00e2timent\u00a0Saint-Lambert Paris ! \u00c9coles Nombre d\u2019admissions ENSAM Arts et m\u00e9tiers Aix en Provence 1 IMT Mines (Institut Mines-T\u00e9l\u00e9com) Al\u00e8s 3 Centrale Lyon 1 UTC Compi\u00e8gne 1 ENSAM Arts et m\u00e9tiers Chamb\u00e9ry 1 EIVP (\u00c9cole des ing\u00e9nieurs de la ville &hellip; <a href=\"https:\/\/ats-genie-civil-saint-lambert.fr\/wpats\/resultats\/promotions-2023-2024\/\" class=\"more-link\">Continuer la lecture<span class=\"screen-reader-text\"> de &laquo;&nbsp;Promotion 2022-2023&nbsp;&raquo;<\/span><\/a><\/p>\n","protected":false},"author":1,"featured_media":0,"parent":921,"menu_order":0,"comment_status":"closed","ping_status":"closed","template":"","meta":{"footnotes":""},"class_list":["post-1184","page","type-page","status-publish","hentry"],"jetpack_sharing_enabled":true,"_links":{"self":[{"href":"https:\/\/ats-genie-civil-saint-lambert.fr\/wpats\/wp-json\/wp\/v2\/pages\/1184","targetHints":{"allow":["GET"]}}],"collection":[{"href":"https:\/\/ats-genie-civil-saint-lambert.fr\/wpats\/wp-json\/wp\/v2\/pages"}],"about":[{"href":"https:\/\/ats-genie-civil-saint-lambert.fr\/wpats\/wp-json\/wp\/v2\/types\/page"}],"author":[{"embeddable":true,"href":"https:\/\/ats-genie-civil-saint-lambert.fr\/wpats\/wp-json\/wp\/v2\/users\/1"}],"replies":[{"embeddable":true,"href":"https:\/\/ats-genie-civil-saint-lambert.fr\/wpats\/wp-json\/wp\/v2\/comments?post=1184"}],"version-history":[{"count":3,"href":"https:\/\/ats-genie-civil-saint-lambert.fr\/wpats\/wp-json\/wp\/v2\/pages\/1184\/revisions"}],"predecessor-version":[{"id":1195,"href":"https:\/\/ats-genie-civil-saint-lambert.fr\/wpats\/wp-json\/wp\/v2\/pages\/1184\/revisions\/1195"}],"up":[{"embeddable":true,"href":"https:\/\/ats-genie-civil-saint-lambert.fr\/wpats\/wp-json\/wp\/v2\/pages\/921"}],"wp:attachment":[{"href":"https:\/\/ats-genie-civil-saint-lambert.fr\/wpats\/wp-json\/wp\/v2\/media?parent=1184"}],"curies":[{"name":"wp","href":"https:\/\/api.w.org\/{rel}","templated":true}]}}