{"id":13,"date":"2022-08-08T18:05:04","date_gmt":"2022-08-08T16:05:04","guid":{"rendered":"https:\/\/ats-genie-civil-saint-lambert.fr\/wpats\/?page_id=13"},"modified":"2026-02-10T08:23:56","modified_gmt":"2026-02-10T07:23:56","slug":"accueil","status":"publish","type":"page","link":"https:\/\/ats-genie-civil-saint-lambert.fr\/wpats\/","title":{"rendered":"Accueil"},"content":{"rendered":"\r\n<p>Le lyc\u00e9e du B\u00e2timent et des Travaux Publics Saint-Lambert accueille une Classe Pr\u00e9paratoire aux Grandes \u00c9coles &#8211; Adaptation Technicien Sup\u00e9rieur &#8211; G\u00e9nie Civil.<br \/>C&rsquo;est la seule pr\u00e9pa ATS sp\u00e9cialis\u00e9e G\u00e9nie Civil en \u00cele-de-France.<\/p>\r\n<h4 style=\"text-align: center;\"><span style=\"color: #0000ff;\"><strong>Le DOSSIER DE CANDIDATURE EST DISPONIBLE ! (<a href=\"https:\/\/ats-genie-civil-saint-lambert.fr\/wpats\/wp-content\/uploads\/2026\/02\/dossier_candidature_ATS_GC_2026-2027.pdf\">T\u00e9l\u00e9charger<\/a>)<\/strong><\/span><\/h4>\r\n\r\n<!-- A ne mettre en ligne que fin juin : -->\r\n<!-- \r\n<h3><span style=\"color: #ff0000;\"><em><strong>(Une phase compl\u00e9mentaire de candidature est ouverte. Durant les vacances d'\u00e9t\u00e9, envoyez votre dossier \u00e0 l'adresse <a style=\"color: #ff0000;\" href=\"mailto:atsgc.paris@gmail.com\" target=\"_blank\" rel=\"noreferrer noopener\">atsgc.paris@gmail.com<\/a> )<\/strong><\/em><\/span><\/h3>\r\n -->\r\n\r\n<p>&nbsp;<\/p>\r\n<h4 style=\"text-align: center;\"><span style=\"color: #ff0000;\"><strong>C&rsquo;est quoi la pr\u00e9pa ATS ?<\/strong><\/span><\/h4>\r\n<p><img data-recalc-dims=\"1\" decoding=\"async\" class=\"aligncenter size-medium wp-image-888\" src=\"https:\/\/i0.wp.com\/ats-genie-civil-saint-lambert.fr\/wpats\/wp-content\/uploads\/2024\/03\/label_classe_prepa.png?w=200&#038;ssl=1\" alt=\"Label de classe pr\u00e9paratoire contr\u00f4l\u00e9e par l'\u00c9tat\"  \/><\/p>\r\n<p>Apr\u00e8s un BTS, un BUT2, un BUT3 ou encore un DUT, pr\u00e9parez-vous en 1 an \u00e0 int\u00e9grer une grande \u00e9cole d&rsquo;ing\u00e9nieurs.<\/p>\r\n<p>Plus d&rsquo;informations sur le portail des classes pr\u00e9paratoires ATS scientifiques : <a title=\"Le portail des classes pr\u00e9paratoires ATS scientifiques\" href=\"https:\/\/prepas-ats.org\" target=\"_blank\" rel=\"noopener\">prepas-ats.org<\/a>.<\/p>\r\n<h4><span style=\"color: #ff0000;\"><em>LES CANDIDATURES Pour la rentr\u00e9e 2026 SONT OUVERTES !<\/em><\/span><\/h4>\r\n<p class=\"has-text-align-left\">Remplir le <a href=\"https:\/\/ats-genie-civil-saint-lambert.fr\/wpats\/wp-content\/uploads\/2026\/02\/dossier_candidature_ATS_GC_2026-2027.pdf\" target=\"_blank\" rel=\"noreferrer noopener\">dossier de candidature<\/a> accompagn\u00e9 des pi\u00e8ces demand\u00e9es et l\u2019envoyer \u00e0 :<\/p>\r\n<p class=\"has-text-align-center\" style=\"text-align: center;\"><a href=\"mailto:ce.0750697a@ac-paris.fr\" target=\"_blank\" rel=\"noreferrer noopener\">ce.0750697a@ac-paris.fr<\/a><\/p>\r\n<p class=\"has-text-align-left\">Pour toute demande d\u2019information suppl\u00e9mentaire, vous pouvez contacter l\u2019\u00e9quipe p\u00e9dagogique de la classe d\u2019ATS \u00e0 l\u2019adresse suivante : <a href=\"mailto:atsgc.paris@gmail.com\" target=\"_blank\" rel=\"noreferrer noopener\">atsgc.paris@gmail.com<\/a><\/p>\r\n<p>&nbsp;<\/p>\r\n<h4>Immersion en CPGE ATS G\u00e9nie Civil<\/h4>\r\n<p><strong>Si vous souhaitez assister \u00e0 une journ\u00e9e en CPGE ATS G\u00e9nie Civil au lyc\u00e9e\u00a0Saint-Lambert \u00e0 Paris :<br \/><a href=\"https:\/\/ats-genie-civil-saint-lambert.fr\/wpats\/contact\/\">CONTACTEZ-NOUS<\/a><\/strong><br \/>Vous pourrez :<\/p>\r\n<ul>\r\n<li>assister aux cours, TD, TP et colles.<\/li>\r\n<li>discuter avec les \u00e9tudiants de la promotion<\/li>\r\n<li>\u00e9changer avec l&rsquo;\u00e9quipe p\u00e9dagogique<\/li>\r\n<li>d\u00e9couvrir le lyc\u00e9e<\/li>\r\n<\/ul>\r\n","protected":false},"excerpt":{"rendered":"<p>Le lyc\u00e9e du B\u00e2timent et des Travaux Publics Saint-Lambert accueille une Classe Pr\u00e9paratoire aux Grandes \u00c9coles &#8211; Adaptation Technicien Sup\u00e9rieur &#8211; G\u00e9nie Civil.C&rsquo;est la seule pr\u00e9pa ATS sp\u00e9cialis\u00e9e G\u00e9nie Civil en \u00cele-de-France. Le DOSSIER DE CANDIDATURE EST DISPONIBLE ! (T\u00e9l\u00e9charger) &nbsp; C&rsquo;est quoi la pr\u00e9pa ATS ? Apr\u00e8s un BTS, un BUT2, un BUT3 ou &hellip; <a href=\"https:\/\/ats-genie-civil-saint-lambert.fr\/wpats\/\" class=\"more-link\">Continuer la lecture<span class=\"screen-reader-text\"> de &laquo;&nbsp;Accueil&nbsp;&raquo;<\/span><\/a><\/p>\n","protected":false},"author":1,"featured_media":0,"parent":0,"menu_order":0,"comment_status":"closed","ping_status":"closed","template":"","meta":{"footnotes":""},"class_list":["post-13","page","type-page","status-publish","hentry"],"jetpack_sharing_enabled":true,"_links":{"self":[{"href":"https:\/\/ats-genie-civil-saint-lambert.fr\/wpats\/wp-json\/wp\/v2\/pages\/13","targetHints":{"allow":["GET"]}}],"collection":[{"href":"https:\/\/ats-genie-civil-saint-lambert.fr\/wpats\/wp-json\/wp\/v2\/pages"}],"about":[{"href":"https:\/\/ats-genie-civil-saint-lambert.fr\/wpats\/wp-json\/wp\/v2\/types\/page"}],"author":[{"embeddable":true,"href":"https:\/\/ats-genie-civil-saint-lambert.fr\/wpats\/wp-json\/wp\/v2\/users\/1"}],"replies":[{"embeddable":true,"href":"https:\/\/ats-genie-civil-saint-lambert.fr\/wpats\/wp-json\/wp\/v2\/comments?post=13"}],"version-history":[{"count":35,"href":"https:\/\/ats-genie-civil-saint-lambert.fr\/wpats\/wp-json\/wp\/v2\/pages\/13\/revisions"}],"predecessor-version":[{"id":1299,"href":"https:\/\/ats-genie-civil-saint-lambert.fr\/wpats\/wp-json\/wp\/v2\/pages\/13\/revisions\/1299"}],"wp:attachment":[{"href":"https:\/\/ats-genie-civil-saint-lambert.fr\/wpats\/wp-json\/wp\/v2\/media?parent=13"}],"curies":[{"name":"wp","href":"https:\/\/api.w.org\/{rel}","templated":true}]}}