{"id":15,"date":"2022-08-08T18:09:22","date_gmt":"2022-08-08T16:09:22","guid":{"rendered":"https:\/\/ats-genie-civil-saint-lambert.fr\/wpats\/?page_id=15"},"modified":"2022-08-16T11:38:28","modified_gmt":"2022-08-16T09:38:28","slug":"contact","status":"publish","type":"page","link":"https:\/\/ats-genie-civil-saint-lambert.fr\/wpats\/contact\/","title":{"rendered":"Contact"},"content":{"rendered":"\n<p><a href=\"https:\/\/www.saint-lambert.org\/\" data-type=\"URL\" data-id=\"https:\/\/www.saint-lambert.org\/\" target=\"_blank\" rel=\"noreferrer noopener\">Lyc\u00e9e technique r\u00e9gional du b\u00e2timent et des travaux publics Saint-Lambert<\/a><\/p>\n\n\n\n<p><strong>Tel :<\/strong> 01 53 98 98 00<br><strong>Mail : <\/strong><a href=\"mailto:ce.0750697a@ac-paris.fr\" target=\"_blank\" rel=\"noreferrer noopener\">ce.0750697a@ac-paris.fr<\/a><\/p>\n\n\n\n<p><strong>Adresse :&nbsp;<\/strong><br>7 rue Clavel<br>75019 Paris<\/p>\n\n\n\n<p>Vous pouvez contacter  l&rsquo;\u00e9quipe p\u00e9dagogique de la CPGE ATS \u00e0 l&rsquo;adresse : <\/p>\n\n\n\n<p class=\"has-text-align-center\"><mark style=\"background-color:rgba(0, 0, 0, 0)\" class=\"has-inline-color has-bright-blue-color\"><a rel=\"noreferrer noopener\" href=\"mailto:atsgc.paris@gmail.com\" target=\"_blank\">atsgc.paris@gmail.com<\/a><\/mark> <\/p>\n","protected":false},"excerpt":{"rendered":"<p>Lyc\u00e9e technique r\u00e9gional du b\u00e2timent et des travaux publics Saint-Lambert Tel : 01 53 98 98 00Mail : ce.0750697a@ac-paris.fr Adresse :&nbsp;7 rue Clavel75019 Paris Vous pouvez contacter l&rsquo;\u00e9quipe p\u00e9dagogique de la CPGE ATS \u00e0 l&rsquo;adresse : atsgc.paris@gmail.com<\/p>\n","protected":false},"author":1,"featured_media":0,"parent":0,"menu_order":0,"comment_status":"closed","ping_status":"closed","template":"","meta":{"footnotes":""},"class_list":["post-15","page","type-page","status-publish","hentry"],"jetpack_sharing_enabled":true,"_links":{"self":[{"href":"https:\/\/ats-genie-civil-saint-lambert.fr\/wpats\/wp-json\/wp\/v2\/pages\/15","targetHints":{"allow":["GET"]}}],"collection":[{"href":"https:\/\/ats-genie-civil-saint-lambert.fr\/wpats\/wp-json\/wp\/v2\/pages"}],"about":[{"href":"https:\/\/ats-genie-civil-saint-lambert.fr\/wpats\/wp-json\/wp\/v2\/types\/page"}],"author":[{"embeddable":true,"href":"https:\/\/ats-genie-civil-saint-lambert.fr\/wpats\/wp-json\/wp\/v2\/users\/1"}],"replies":[{"embeddable":true,"href":"https:\/\/ats-genie-civil-saint-lambert.fr\/wpats\/wp-json\/wp\/v2\/comments?post=15"}],"version-history":[{"count":5,"href":"https:\/\/ats-genie-civil-saint-lambert.fr\/wpats\/wp-json\/wp\/v2\/pages\/15\/revisions"}],"predecessor-version":[{"id":73,"href":"https:\/\/ats-genie-civil-saint-lambert.fr\/wpats\/wp-json\/wp\/v2\/pages\/15\/revisions\/73"}],"wp:attachment":[{"href":"https:\/\/ats-genie-civil-saint-lambert.fr\/wpats\/wp-json\/wp\/v2\/media?parent=15"}],"curies":[{"name":"wp","href":"https:\/\/api.w.org\/{rel}","templated":true}]}}