{"id":150,"date":"2022-08-30T23:06:03","date_gmt":"2022-08-30T21:06:03","guid":{"rendered":"https:\/\/ats-genie-civil-saint-lambert.fr\/wpats\/?page_id=150"},"modified":"2023-08-29T17:01:03","modified_gmt":"2023-08-29T15:01:03","slug":"les-maths-en-ats","status":"publish","type":"page","link":"https:\/\/ats-genie-civil-saint-lambert.fr\/wpats\/matieres\/les-maths-en-ats\/","title":{"rendered":"Les maths en ATS"},"content":{"rendered":"\r\n<div class=\"wp-block-buttons is-layout-flex wp-block-buttons-is-layout-flex\"><\/div>\r\n\r\n\r\n\r\n<h3 class=\"wp-block-heading\" style=\"text-align: center;\">\r\n<span style=\"color: #000000;\">\r\n<ul>\r\n<li style = \"display: inline;\"><a title=\"Les maths en pr\u00e9pa ATS\" href=\" https:\/\/ats-genie-civil-saint-lambert.fr\/wpats\/matieres\/les-maths-en-ats\/\">Accueil<\/a>\r\n<\/li>\r\n<li style = \"display: inline;\"><a title=\"Cahier de textes de maths en pr\u00e9pa ATS\" href=\"https:\/\/ats-genie-civil-saint-lambert.fr\/wpats\/matieres\/les-maths-en-ats\/cahier-de-texte\/\">Cahier de texte<\/a><\/li>\r\n<li style = \"display: inline;\"> <a title=\"Les colles de maths en pr\u00e9pa ATS\" href=\"https:\/\/ats-genie-civil-saint-lambert.fr\/wpats\/matieres\/les-maths-en-ats\/colles\">Colles<\/a> \r\n<\/li>\r\n<li style = \"display: inline;\"><a title=\"Documents pour les maths en pr\u00e9pa ATS\" href=\"https:\/\/ats-genie-civil-saint-lambert.fr\/wpats\/matieres\/les-maths-en-ats\/programme\">Programme<\/a><\/li>\r\n<\/ul>\r\n<\/span>\r\n<\/h3>\r\n\r\n\r\n\r\n\r\n\r\n<p>\r\n\r\nBienvenue en pr\u00e9pa ATS et tr\u00e8s bonne ann\u00e9e \u00e0 tous !\r\n\r\n<\/p>\r\n\r\n<p>\r\nPour me contacter :\r\n<ul>\r\n<li> soit par l&rsquo;ENT : <a href=\"https:\/\/monlycee.net\/\" target=\"_blank\" rel=\"noopener\">MonLyc\u00e9e.net<\/a><\/li>\r\n<li> soit \u00e0 cette adresse : <a href=\"mailto:profmathsblm@gmail.com\">profmathsblm@gmail.com<\/a><\/li>\r\n<\/ul>\r\n<\/p>\r\n\r\n\r\n\r\n\r\n\r\n\r\n<!-- Cadres pour les annonces particuli\u00e8res : DM, DS, \u00e9crits et oraux du concours :\r\n\r\n\r\n<div style=\"border: 2px solid; border-radius: 6px; color: #dc143c; padding-top: 1px; padding-bottom: 1px; padding-left: 20px; margin: 1px;\">\r\n\r\n<b><big><span style=\"color: #dc143c;\"><\/span><\/big><\/b>\r\nProchain DS :<br \/>\r\nJeudi 13 avril 2023 : DS6 (Concours blanc). Programme : chapitres A \u00e0 Y.\r\n<\/div>\r\n\r\n\r\n\r\n<div style=\"border: 2px solid; border-radius: 6px; color: #dc143c; padding-top: 1px; padding-bottom: 1px; padding-left: 20px; margin: 1px;\">\r\n\r\n<b><big><span style=\"color: #dc143c;\"><\/span><\/big><\/b>\r\nProchain DM :<br \/>\r\nPour mardi 28 mars 2023 : faire le DM19.\r\n<\/div>\r\n\r\n\r\n\r\n<div style=\"border: 2px solid; border-radius: 6px; color: #dc143c; padding-top: 1px; padding-bottom: 1px; padding-left: 20px; margin: 1px;\">\r\n\r\n<b><big><span style=\"color: #dc143c;\">Prochain DM : <\/span><\/big><\/b>\r\n<ul style=\"color: #000000; padding-left: 20px; margin-left: 20px;\">\r\n \t<li>DM20 \u00e0 rendre le lundi 26 avril 2021<\/li>\r\n<\/ul>\r\n<\/div>\r\n<div style=\"border: 2px solid; border-radius: 6px; color: #dc143c; padding-top: 1px; padding-bottom: 1px; padding-left: 20px; margin: 1px;\">\r\n\r\n<b><big><span style=\"color: #dc143c;\">Prochain DS : <\/span><\/big><\/b>\r\n<ul style=\"color: #000000; padding-left: 20px; margin-left: 20px;\">\r\nMercredi 25 mars de 14h30 \u00e0 17h30\r\nAu programme : les chapitres A \u00e0 W.<\/ul>\r\n<\/div>\r\n<div style=\"border: 2px solid; border-radius: 6px; color: #dc143c; padding-top: 1px; padding-bottom: 1px; padding-left: 20px; margin: 1px;\">\r\n\r\n<b><big><span style=\"color: #dc143c;\">Prochain DM : <\/span><\/big><\/b>\r\n<ul style=\"color: #000000; padding-left: 20px; margin-left: 20px;\">\r\n \t<li>DM18 \u00e0 rendre le mardi 17 mars 2020<\/li>\r\n<\/ul>\r\n<\/div>\r\n\r\n\r\n\r\n&nbsp;\r\nBienvenue en pr\u00e9pa ATS et tr\u00e8s bonne ann\u00e9e \u00e0 tous !\r\n\r\n<div style=\"border: 2px solid; border-radius: 6px; color: #dc143c; padding-top: 1px; padding-bottom: 1px; padding-left: 20px; margin: 1px;\">\r\n\r\n<b><big><span style=\"color: #dc143c;\">Prochain DS :<\/span><\/big><\/b>\r\n<ul style=\"color: #000000; padding-left: 20px; margin-left: 20px;\"> mercredi 9 octobre de 14h \u00e0 17h<\/ul>\r\n<\/div>\r\n&nbsp;\r\n<div style=\"border: 2px solid; border-radius: 6px; color: #dc143c; padding-top: 1px; padding-bottom: 1px; padding-left: 20px; margin: 1px;\">\r\n\r\n<b><big><span style=\"color: #dc143c;\">\u00c9preuves orales du concours ATS<\/span><\/big><\/b>\r\n<ul style=\"color: #000000; padding-left: 20px; margin-left: 20px;\">Du mardi 18 au vendredi 21 juin 2019<\/ul>\r\n<\/div>\r\n<div style=\"border: 2px solid; border-radius: 6px; color: #dc143c; padding-top: 1px; padding-bottom: 1px; padding-left: 20px; margin: 1px;\">\r\n\r\n<b><big><span style=\"color: #dc143c;\">Concours blanc : <\/span><\/big><\/b>\r\n<ul style=\"color: #000000; padding-left: 20px; margin-left: 20px;\">\r\nLes 7-8-9 avril 2021\r\n\u00c9preuve de Math\u00e9matiques le jeudi 8 avril de 9h00 \u00e0 12h00\r\nAu programme : les chapitres A \u00e0 X.<\/ul>\r\n<\/div>\r\n\r\n\r\n\r\n<div style=\"border: 2px solid; border-radius: 6px; color: #dc143c; padding-top: 1px; padding-bottom: 1px; padding-left: 20px; margin: 1px;\">\r\n\r\n<b><big><span style=\"color: #dc143c;\"><\/span><\/big><\/b>\r\nExamens de L3 - GC : semaine du lundi 17 au vendredi 21 avril 2023 (salle B307)<br \/>\r\n\u00c9preuve de Math\u00e9matiques : lundi 17\/04 de 9h \u00e0 10h30.\r\n<\/div>\r\n\r\n\r\n\r\n\r\n<p>\r\n<strong>\r\n<span style=\"color: #3366ff;\">Travail \u00e0 pr\u00e9parer :<\/span>\r\n<\/strong>\r\n\r\n\r\n<div style=\"border: 2px solid; border-radius: 6px; color: #dc143c; padding-top: 1px; padding-bottom: 1px; padding-left: 20px; margin: 1px;\">\r\n\r\n<b><big><span style=\"color: #dc143c;\"><\/span><\/big><\/b>\r\nPr\u00e9paration des \u00e9preuves orales du concours ATS :<br \/>\r\nProfitez des cr\u00e9neaux ouverts pour vous entra\u00eener en passant des oraux blancs.\r\n<\/div>\r\n\r\n<br \/>\r\n\r\n<div style=\"border: 2px solid; border-radius: 6px; color: #dc143c; padding-top: 1px; padding-bottom: 1px; padding-left: 20px; margin: 1px;\">\r\n\r\n<b><big><span style=\"color: #dc143c;\"><\/span><\/big><\/b>\r\nExamens de L3 - GC (2\u00e8me session) : semaine du lundi 12 au vendredi 16 juin 2023<br \/>\r\n\u00c9preuve de Math\u00e9matiques : lundi 12\/06 de 8h30 \u00e0 10h00.\r\n<\/div>\r\n\r\n<\/p>\r\n\r\n\r\n\r\n-->","protected":false},"excerpt":{"rendered":"<p>Accueil Cahier de texte Colles Programme Bienvenue en pr\u00e9pa ATS et tr\u00e8s bonne ann\u00e9e \u00e0 tous ! Pour me contacter : soit par l&rsquo;ENT : MonLyc\u00e9e.net soit \u00e0 cette adresse : profmathsblm@gmail.com<\/p>\n","protected":false},"author":1,"featured_media":0,"parent":126,"menu_order":1,"comment_status":"closed","ping_status":"closed","template":"","meta":{"footnotes":""},"class_list":["post-150","page","type-page","status-publish","hentry"],"jetpack_sharing_enabled":true,"_links":{"self":[{"href":"https:\/\/ats-genie-civil-saint-lambert.fr\/wpats\/wp-json\/wp\/v2\/pages\/150","targetHints":{"allow":["GET"]}}],"collection":[{"href":"https:\/\/ats-genie-civil-saint-lambert.fr\/wpats\/wp-json\/wp\/v2\/pages"}],"about":[{"href":"https:\/\/ats-genie-civil-saint-lambert.fr\/wpats\/wp-json\/wp\/v2\/types\/page"}],"author":[{"embeddable":true,"href":"https:\/\/ats-genie-civil-saint-lambert.fr\/wpats\/wp-json\/wp\/v2\/users\/1"}],"replies":[{"embeddable":true,"href":"https:\/\/ats-genie-civil-saint-lambert.fr\/wpats\/wp-json\/wp\/v2\/comments?post=150"}],"version-history":[{"count":56,"href":"https:\/\/ats-genie-civil-saint-lambert.fr\/wpats\/wp-json\/wp\/v2\/pages\/150\/revisions"}],"predecessor-version":[{"id":1308,"href":"https:\/\/ats-genie-civil-saint-lambert.fr\/wpats\/wp-json\/wp\/v2\/pages\/150\/revisions\/1308"}],"up":[{"embeddable":true,"href":"https:\/\/ats-genie-civil-saint-lambert.fr\/wpats\/wp-json\/wp\/v2\/pages\/126"}],"wp:attachment":[{"href":"https:\/\/ats-genie-civil-saint-lambert.fr\/wpats\/wp-json\/wp\/v2\/media?parent=150"}],"curies":[{"name":"wp","href":"https:\/\/api.w.org\/{rel}","templated":true}]}}