{"id":183,"date":"2022-08-30T23:53:58","date_gmt":"2022-08-30T21:53:58","guid":{"rendered":"https:\/\/ats-genie-civil-saint-lambert.fr\/wpats\/?page_id=183"},"modified":"2025-11-03T12:41:46","modified_gmt":"2025-11-03T11:41:46","slug":"programme","status":"publish","type":"page","link":"https:\/\/ats-genie-civil-saint-lambert.fr\/wpats\/matieres\/les-maths-en-ats\/programme\/","title":{"rendered":"Programme"},"content":{"rendered":"\r\n<div class=\"wp-block-buttons is-layout-flex wp-block-buttons-is-layout-flex\"><\/div>\r\n\r\n\r\n\r\n<h3 class=\"wp-block-heading\" style=\"text-align: center;\">\r\n<span style=\"color: #000000;\">\r\n<ul>\r\n<li style = \"display: inline;\"><a title=\"Les maths en pr\u00e9pa ATS\" href=\" https:\/\/ats-genie-civil-saint-lambert.fr\/wpats\/matieres\/les-maths-en-ats\/\">Accueil<\/a>\r\n<\/li>\r\n<li style = \"display: inline;\"><a title=\"Cahier de textes de maths en pr\u00e9pa ATS\" href=\"https:\/\/ats-genie-civil-saint-lambert.fr\/wpats\/matieres\/les-maths-en-ats\/cahier-de-texte\/\">Cahier de texte<\/a><\/li>\r\n<li style = \"display: inline;\"> <a title=\"Les colles de maths en pr\u00e9pa ATS\" href=\"https:\/\/ats-genie-civil-saint-lambert.fr\/wpats\/matieres\/les-maths-en-ats\/colles\">Colles<\/a> \r\n<\/li>\r\n<li style = \"display: inline;\"><a title=\"Documents pour les maths en pr\u00e9pa ATS\" href=\"https:\/\/ats-genie-civil-saint-lambert.fr\/wpats\/matieres\/les-maths-en-ats\/programme\">Programme<\/a><\/li>\r\n<\/ul>\r\n<\/span>\r\n<\/h3>\r\n\r\n\r\n\r\n\r\n<p>\r\n<p> Le <a href=\"https:\/\/ats-genie-civil-saint-lambert.fr\/wpats\/wp-content\/uploads\/2025\/09\/Maths-programme-officiel-ATS-2025-annexe-3.pdf\" title=\"Programme de math\u00e9matiques en pr\u00e9pa ATS - version 2025\" target=\"_blank\" rel=\"noopener\">programme<\/a> officiel de math\u00e9matiques en pr\u00e9pa ATS (version 2025).<\/p>\r\n\r\n<p> Le <a href=\"https:\/\/www.concoursats.fr\/\" title=\"Informations sur le concours ATS\" target=\"_blank\" rel=\"noopener\">site<\/a> officiel du concours ATS.<\/p>\r\n<\/p>\r\n\r\n<p> <a href=\"https:\/\/ats-genie-civil-saint-lambert.fr\/wpats\/wp-content\/uploads\/2025\/09\/communication_evolution_concours_ATS.pdf\" target=\"_blank\" rel=\"noopener\"> \u00c9volution du concours ATS<\/a> \u00e0 partir de la session 2026.<\/p>\r\n<\/p>\r\n\r\n","protected":false},"excerpt":{"rendered":"<p>Accueil Cahier de texte Colles Programme Le programme officiel de math\u00e9matiques en pr\u00e9pa ATS (version 2025). Le site officiel du concours ATS. \u00c9volution du concours ATS \u00e0 partir de la session 2026.<\/p>\n","protected":false},"author":1,"featured_media":0,"parent":150,"menu_order":0,"comment_status":"closed","ping_status":"closed","template":"","meta":{"footnotes":""},"class_list":["post-183","page","type-page","status-publish","hentry"],"jetpack_sharing_enabled":true,"_links":{"self":[{"href":"https:\/\/ats-genie-civil-saint-lambert.fr\/wpats\/wp-json\/wp\/v2\/pages\/183","targetHints":{"allow":["GET"]}}],"collection":[{"href":"https:\/\/ats-genie-civil-saint-lambert.fr\/wpats\/wp-json\/wp\/v2\/pages"}],"about":[{"href":"https:\/\/ats-genie-civil-saint-lambert.fr\/wpats\/wp-json\/wp\/v2\/types\/page"}],"author":[{"embeddable":true,"href":"https:\/\/ats-genie-civil-saint-lambert.fr\/wpats\/wp-json\/wp\/v2\/users\/1"}],"replies":[{"embeddable":true,"href":"https:\/\/ats-genie-civil-saint-lambert.fr\/wpats\/wp-json\/wp\/v2\/comments?post=183"}],"version-history":[{"count":10,"href":"https:\/\/ats-genie-civil-saint-lambert.fr\/wpats\/wp-json\/wp\/v2\/pages\/183\/revisions"}],"predecessor-version":[{"id":1278,"href":"https:\/\/ats-genie-civil-saint-lambert.fr\/wpats\/wp-json\/wp\/v2\/pages\/183\/revisions\/1278"}],"up":[{"embeddable":true,"href":"https:\/\/ats-genie-civil-saint-lambert.fr\/wpats\/wp-json\/wp\/v2\/pages\/150"}],"wp:attachment":[{"href":"https:\/\/ats-genie-civil-saint-lambert.fr\/wpats\/wp-json\/wp\/v2\/media?parent=183"}],"curies":[{"name":"wp","href":"https:\/\/api.w.org\/{rel}","templated":true}]}}