{"id":28,"date":"2022-08-08T18:09:22","date_gmt":"2022-08-08T16:09:22","guid":{"rendered":"https:\/\/ats-genie-civil-saint-lambert.fr\/wpats\/?page_id=28"},"modified":"2026-02-17T15:02:46","modified_gmt":"2026-02-17T14:02:46","slug":"liens-externes","status":"publish","type":"page","link":"https:\/\/ats-genie-civil-saint-lambert.fr\/wpats\/liens-externes\/","title":{"rendered":"Liens externes"},"content":{"rendered":"\r\n<ul class=\"wp-block-list\">\r\n\r\n<li>Site du <a rel=\"noreferrer noopener\" href=\"https:\/\/www.saint-lambert.org\/\" target=\"_blank\">lyc\u00e9e du B\u00e2timent et des Travaux Publics Saint-Lambert<\/a><\/li>\r\n\r\n<li>Le portail des classes pr\u00e9paratoires ATS scientifiques : <a href=\"https:\/\/prepas-ats.org\/\" target=\"_blank\" rel=\"noopener\">prepas-ats.org<\/a><\/li>\r\n\r\n<li>Site de l\u2019association des enseignants en CPGE scientifiques (UPS) fourmillant d\u2019informations sur les classes pr\u00e9pas : <a rel=\"noreferrer noopener\" href=\"https:\/\/www.prepas.org\/\" target=\"_blank\">www.prepas.org<\/a><\/li>\r\n\r\n<li>Base de donn\u00e9es listant les \u00e9coles d&rsquo;ing\u00e9nieurs par domaine et par concours : <a rel=\"noreferrer noopener\" href=\"https:\/\/prepas.org\/index.php?entree=bacorge\" target=\"_blank\">BACORGE<\/a><\/li><\/ul>\r\n\r\n","protected":false},"excerpt":{"rendered":"<p>Site du lyc\u00e9e du B\u00e2timent et des Travaux Publics Saint-Lambert Le portail des classes pr\u00e9paratoires ATS scientifiques : prepas-ats.org Site de l\u2019association des enseignants en CPGE scientifiques (UPS) fourmillant d\u2019informations sur les classes pr\u00e9pas : www.prepas.org Base de donn\u00e9es listant les \u00e9coles d&rsquo;ing\u00e9nieurs par domaine et par concours : BACORGE<\/p>\n","protected":false},"author":1,"featured_media":0,"parent":0,"menu_order":0,"comment_status":"closed","ping_status":"closed","template":"","meta":{"footnotes":""},"class_list":["post-28","page","type-page","status-publish","hentry"],"jetpack_sharing_enabled":true,"_links":{"self":[{"href":"https:\/\/ats-genie-civil-saint-lambert.fr\/wpats\/wp-json\/wp\/v2\/pages\/28","targetHints":{"allow":["GET"]}}],"collection":[{"href":"https:\/\/ats-genie-civil-saint-lambert.fr\/wpats\/wp-json\/wp\/v2\/pages"}],"about":[{"href":"https:\/\/ats-genie-civil-saint-lambert.fr\/wpats\/wp-json\/wp\/v2\/types\/page"}],"author":[{"embeddable":true,"href":"https:\/\/ats-genie-civil-saint-lambert.fr\/wpats\/wp-json\/wp\/v2\/users\/1"}],"replies":[{"embeddable":true,"href":"https:\/\/ats-genie-civil-saint-lambert.fr\/wpats\/wp-json\/wp\/v2\/comments?post=28"}],"version-history":[{"count":9,"href":"https:\/\/ats-genie-civil-saint-lambert.fr\/wpats\/wp-json\/wp\/v2\/pages\/28\/revisions"}],"predecessor-version":[{"id":1302,"href":"https:\/\/ats-genie-civil-saint-lambert.fr\/wpats\/wp-json\/wp\/v2\/pages\/28\/revisions\/1302"}],"wp:attachment":[{"href":"https:\/\/ats-genie-civil-saint-lambert.fr\/wpats\/wp-json\/wp\/v2\/media?parent=28"}],"curies":[{"name":"wp","href":"https:\/\/api.w.org\/{rel}","templated":true}]}}