{"id":60,"date":"2022-08-12T00:22:37","date_gmt":"2022-08-11T22:22:37","guid":{"rendered":"https:\/\/ats-genie-civil-saint-lambert.fr\/wpats\/?page_id=60"},"modified":"2026-02-04T09:28:13","modified_gmt":"2026-02-04T08:28:13","slug":"candidature","status":"publish","type":"page","link":"https:\/\/ats-genie-civil-saint-lambert.fr\/wpats\/candidature\/","title":{"rendered":"Candidature"},"content":{"rendered":"\r\n<p class=\"has-text-align-left\">Le dossier doit \u00eatre rempli par des professeurs de deuxi\u00e8me ann\u00e9e et le directeur de formation (DUT\/BUT) ou le proviseur (BTS). Les bulletins de premi\u00e8re ann\u00e9e et de deuxi\u00e8me ann\u00e9e du DUT\/BUT ou BTS doivent \u00eatre joints au dossier, ainsi que le relev\u00e9 de notes du baccalaur\u00e9at. Une lettre de motivation est toujours bienvenue, notamment pour expliquer les sp\u00e9cificit\u00e9s de votre parcours (ann\u00e9e sabbatique, r\u00e9orientation, reprise d\u2019\u00e9tudes, etc.).<\/p>\r\n\r\n\r\n\r\n<p class=\"has-text-align-left\">Remplir le <a href=\"https:\/\/ats-genie-civil-saint-lambert.fr\/wpats\/wp-content\/uploads\/2026\/02\/dossier_candidature_ATS_GC_2026-2027.pdf\">dossier candidature<\/a> accompagn\u00e9 des pi\u00e8ces demand\u00e9es et l&rsquo;envoyer \u00e0<\/p>\r\n\r\n\r\n\r\n<p class=\"has-text-align-center\"><a href=\"mailto:ce.0750697a@ac-paris.fr\" target=\"_blank\" rel=\"noreferrer noopener\">ce.0750697a@ac-paris.fr<\/a><\/p>\r\n\r\n\r\n\r\n<p class=\"has-text-align-left\">Pour toute demande d\u2019information suppl\u00e9mentaire, vous pouvez contacter l\u2019\u00e9quipe p\u00e9dagogique de la classe d\u2019ATS \u00e0 l\u2019adresse suivante : <a href=\"mailto:atsgc.paris@gmail.com\" target=\"_blank\" rel=\"noreferrer noopener\">atsgc.paris@gmail.com<\/a><\/p>\r\n","protected":false},"excerpt":{"rendered":"<p>Le dossier doit \u00eatre rempli par des professeurs de deuxi\u00e8me ann\u00e9e et le directeur de formation (DUT\/BUT) ou le proviseur (BTS). Les bulletins de premi\u00e8re ann\u00e9e et de deuxi\u00e8me ann\u00e9e du DUT\/BUT ou BTS doivent \u00eatre joints au dossier, ainsi que le relev\u00e9 de notes du baccalaur\u00e9at. Une lettre de motivation est toujours bienvenue, notamment &hellip; <a href=\"https:\/\/ats-genie-civil-saint-lambert.fr\/wpats\/candidature\/\" class=\"more-link\">Continuer la lecture<span class=\"screen-reader-text\"> de &laquo;&nbsp;Candidature&nbsp;&raquo;<\/span><\/a><\/p>\n","protected":false},"author":1,"featured_media":0,"parent":0,"menu_order":0,"comment_status":"closed","ping_status":"closed","template":"","meta":{"footnotes":""},"class_list":["post-60","page","type-page","status-publish","hentry"],"jetpack_sharing_enabled":true,"_links":{"self":[{"href":"https:\/\/ats-genie-civil-saint-lambert.fr\/wpats\/wp-json\/wp\/v2\/pages\/60","targetHints":{"allow":["GET"]}}],"collection":[{"href":"https:\/\/ats-genie-civil-saint-lambert.fr\/wpats\/wp-json\/wp\/v2\/pages"}],"about":[{"href":"https:\/\/ats-genie-civil-saint-lambert.fr\/wpats\/wp-json\/wp\/v2\/types\/page"}],"author":[{"embeddable":true,"href":"https:\/\/ats-genie-civil-saint-lambert.fr\/wpats\/wp-json\/wp\/v2\/users\/1"}],"replies":[{"embeddable":true,"href":"https:\/\/ats-genie-civil-saint-lambert.fr\/wpats\/wp-json\/wp\/v2\/comments?post=60"}],"version-history":[{"count":9,"href":"https:\/\/ats-genie-civil-saint-lambert.fr\/wpats\/wp-json\/wp\/v2\/pages\/60\/revisions"}],"predecessor-version":[{"id":1290,"href":"https:\/\/ats-genie-civil-saint-lambert.fr\/wpats\/wp-json\/wp\/v2\/pages\/60\/revisions\/1290"}],"wp:attachment":[{"href":"https:\/\/ats-genie-civil-saint-lambert.fr\/wpats\/wp-json\/wp\/v2\/media?parent=60"}],"curies":[{"name":"wp","href":"https:\/\/api.w.org\/{rel}","templated":true}]}}