{"id":878,"date":"2023-04-07T14:00:55","date_gmt":"2023-04-07T12:00:55","guid":{"rendered":"https:\/\/ats-genie-civil-saint-lambert.fr\/wpats\/?page_id=878"},"modified":"2025-10-04T14:30:20","modified_gmt":"2025-10-04T12:30:20","slug":"la-cpge-ats-en-classe-de-neige","status":"publish","type":"page","link":"https:\/\/ats-genie-civil-saint-lambert.fr\/wpats\/la-cpge-ats-en-classe-de-neige\/","title":{"rendered":"La CPGE ATS en classe de neige"},"content":{"rendered":"<p>Depuis la rentr\u00e9e 2022, nous\u00a0 partons en classe de neige dans les Alpes ! Nous avons\u00a0 la chance d&rsquo;\u00e9tudier le matin\u00a0 entour\u00e9s d&rsquo;un superbe panorama et de profiter des joies de la glisse l&rsquo;apr\u00e8s-midi. Nous en profiton \u00e9galement pour visiter une usine de fabrication de neige artificielle et mettre en pratique les connaissances en thermodynamique.<\/p>\n<h5><strong>Janvier 2023<\/strong><\/h5>\n<p><img data-recalc-dims=\"1\" loading=\"lazy\" decoding=\"async\" class=\"alignnone size-medium wp-image-888\" src=\"https:\/\/i0.wp.com\/ats-genie-civil-saint-lambert.fr\/wpats\/wp-content\/uploads\/2023\/04\/20230314_092121.jpg?resize=300%2C225&#038;ssl=1\" alt=\"\" width=\"300\" height=\"225\" srcset=\"https:\/\/i0.wp.com\/ats-genie-civil-saint-lambert.fr\/wpats\/wp-content\/uploads\/2023\/04\/20230314_092121.jpg?resize=300%2C225&amp;ssl=1 300w, https:\/\/i0.wp.com\/ats-genie-civil-saint-lambert.fr\/wpats\/wp-content\/uploads\/2023\/04\/20230314_092121.jpg?w=567&amp;ssl=1 567w\" sizes=\"auto, (max-width: 300px) 85vw, 300px\" \/> <img data-recalc-dims=\"1\" loading=\"lazy\" decoding=\"async\" class=\"alignnone size-medium wp-image-881\" src=\"https:\/\/i0.wp.com\/ats-genie-civil-saint-lambert.fr\/wpats\/wp-content\/uploads\/2023\/04\/1680688822237.jpg?resize=300%2C225&#038;ssl=1\" alt=\"\" width=\"300\" height=\"225\" srcset=\"https:\/\/i0.wp.com\/ats-genie-civil-saint-lambert.fr\/wpats\/wp-content\/uploads\/2023\/04\/1680688822237.jpg?resize=300%2C225&amp;ssl=1 300w, https:\/\/i0.wp.com\/ats-genie-civil-saint-lambert.fr\/wpats\/wp-content\/uploads\/2023\/04\/1680688822237.jpg?w=723&amp;ssl=1 723w\" sizes=\"auto, (max-width: 300px) 85vw, 300px\" \/><img data-recalc-dims=\"1\" loading=\"lazy\" decoding=\"async\" class=\"alignnone size-medium wp-image-880\" src=\"https:\/\/i0.wp.com\/ats-genie-civil-saint-lambert.fr\/wpats\/wp-content\/uploads\/2023\/04\/1680688822244.jpg?resize=300%2C225&#038;ssl=1\" alt=\"\" width=\"300\" height=\"225\" srcset=\"https:\/\/i0.wp.com\/ats-genie-civil-saint-lambert.fr\/wpats\/wp-content\/uploads\/2023\/04\/1680688822244.jpg?resize=300%2C225&amp;ssl=1 300w, https:\/\/i0.wp.com\/ats-genie-civil-saint-lambert.fr\/wpats\/wp-content\/uploads\/2023\/04\/1680688822244.jpg?w=723&amp;ssl=1 723w\" sizes=\"auto, (max-width: 300px) 85vw, 300px\" \/><img data-recalc-dims=\"1\" loading=\"lazy\" decoding=\"async\" class=\"alignnone size-medium wp-image-885\" src=\"https:\/\/i0.wp.com\/ats-genie-civil-saint-lambert.fr\/wpats\/wp-content\/uploads\/2023\/04\/IMG_20230314_110300801.jpg?resize=300%2C225&#038;ssl=1\" alt=\"\" width=\"300\" height=\"225\" srcset=\"https:\/\/i0.wp.com\/ats-genie-civil-saint-lambert.fr\/wpats\/wp-content\/uploads\/2023\/04\/IMG_20230314_110300801-scaled.jpg?resize=300%2C225&amp;ssl=1 300w, https:\/\/i0.wp.com\/ats-genie-civil-saint-lambert.fr\/wpats\/wp-content\/uploads\/2023\/04\/IMG_20230314_110300801-scaled.jpg?resize=1024%2C768&amp;ssl=1 1024w, https:\/\/i0.wp.com\/ats-genie-civil-saint-lambert.fr\/wpats\/wp-content\/uploads\/2023\/04\/IMG_20230314_110300801-scaled.jpg?resize=768%2C576&amp;ssl=1 768w, https:\/\/i0.wp.com\/ats-genie-civil-saint-lambert.fr\/wpats\/wp-content\/uploads\/2023\/04\/IMG_20230314_110300801-scaled.jpg?resize=1536%2C1152&amp;ssl=1 1536w, https:\/\/i0.wp.com\/ats-genie-civil-saint-lambert.fr\/wpats\/wp-content\/uploads\/2023\/04\/IMG_20230314_110300801-scaled.jpg?resize=2048%2C1536&amp;ssl=1 2048w, https:\/\/i0.wp.com\/ats-genie-civil-saint-lambert.fr\/wpats\/wp-content\/uploads\/2023\/04\/IMG_20230314_110300801-scaled.jpg?resize=1200%2C900&amp;ssl=1 1200w, https:\/\/i0.wp.com\/ats-genie-civil-saint-lambert.fr\/wpats\/wp-content\/uploads\/2023\/04\/IMG_20230314_110300801-scaled.jpg?w=1680&amp;ssl=1 1680w, https:\/\/i0.wp.com\/ats-genie-civil-saint-lambert.fr\/wpats\/wp-content\/uploads\/2023\/04\/IMG_20230314_110300801-scaled.jpg?w=2520&amp;ssl=1 2520w\" sizes=\"auto, (max-width: 300px) 85vw, 300px\" \/><img data-recalc-dims=\"1\" loading=\"lazy\" decoding=\"async\" class=\"alignnone size-medium wp-image-886\" src=\"https:\/\/i0.wp.com\/ats-genie-civil-saint-lambert.fr\/wpats\/wp-content\/uploads\/2023\/04\/IMG_20230317_134531851.jpg?resize=300%2C225&#038;ssl=1\" alt=\"\" width=\"300\" height=\"225\" srcset=\"https:\/\/i0.wp.com\/ats-genie-civil-saint-lambert.fr\/wpats\/wp-content\/uploads\/2023\/04\/IMG_20230317_134531851-scaled.jpg?resize=300%2C225&amp;ssl=1 300w, https:\/\/i0.wp.com\/ats-genie-civil-saint-lambert.fr\/wpats\/wp-content\/uploads\/2023\/04\/IMG_20230317_134531851-scaled.jpg?resize=1024%2C768&amp;ssl=1 1024w, https:\/\/i0.wp.com\/ats-genie-civil-saint-lambert.fr\/wpats\/wp-content\/uploads\/2023\/04\/IMG_20230317_134531851-scaled.jpg?resize=768%2C576&amp;ssl=1 768w, https:\/\/i0.wp.com\/ats-genie-civil-saint-lambert.fr\/wpats\/wp-content\/uploads\/2023\/04\/IMG_20230317_134531851-scaled.jpg?resize=1536%2C1152&amp;ssl=1 1536w, https:\/\/i0.wp.com\/ats-genie-civil-saint-lambert.fr\/wpats\/wp-content\/uploads\/2023\/04\/IMG_20230317_134531851-scaled.jpg?resize=2048%2C1536&amp;ssl=1 2048w, https:\/\/i0.wp.com\/ats-genie-civil-saint-lambert.fr\/wpats\/wp-content\/uploads\/2023\/04\/IMG_20230317_134531851-scaled.jpg?resize=1200%2C900&amp;ssl=1 1200w, https:\/\/i0.wp.com\/ats-genie-civil-saint-lambert.fr\/wpats\/wp-content\/uploads\/2023\/04\/IMG_20230317_134531851-scaled.jpg?w=1680&amp;ssl=1 1680w, https:\/\/i0.wp.com\/ats-genie-civil-saint-lambert.fr\/wpats\/wp-content\/uploads\/2023\/04\/IMG_20230317_134531851-scaled.jpg?w=2520&amp;ssl=1 2520w\" sizes=\"auto, (max-width: 300px) 85vw, 300px\" \/><img data-recalc-dims=\"1\" loading=\"lazy\" decoding=\"async\" class=\"alignnone size-medium wp-image-889\" src=\"https:\/\/i0.wp.com\/ats-genie-civil-saint-lambert.fr\/wpats\/wp-content\/uploads\/2023\/04\/1680688822253.jpg?resize=300%2C225&#038;ssl=1\" alt=\"\" width=\"300\" height=\"225\" srcset=\"https:\/\/i0.wp.com\/ats-genie-civil-saint-lambert.fr\/wpats\/wp-content\/uploads\/2023\/04\/1680688822253.jpg?resize=300%2C225&amp;ssl=1 300w, https:\/\/i0.wp.com\/ats-genie-civil-saint-lambert.fr\/wpats\/wp-content\/uploads\/2023\/04\/1680688822253.jpg?w=723&amp;ssl=1 723w\" sizes=\"auto, (max-width: 300px) 85vw, 300px\" \/><\/p>\n<h5><strong>Janvier 2025<\/strong><\/h5>\n<div style=\"width: 840px;\" class=\"wp-video\"><video class=\"wp-video-shortcode\" id=\"video-878-1\" width=\"840\" height=\"473\" preload=\"metadata\" controls=\"controls\"><source type=\"video\/mp4\" src=\"https:\/\/ats-genie-civil-saint-lambert.fr\/wpats\/wp-content\/uploads\/2025\/10\/Ski_Bernex_prepa-jan-2025_H264_1080p_Full_HD1.mp4?_=1\" \/><a href=\"https:\/\/ats-genie-civil-saint-lambert.fr\/wpats\/wp-content\/uploads\/2025\/10\/Ski_Bernex_prepa-jan-2025_H264_1080p_Full_HD1.mp4\">https:\/\/ats-genie-civil-saint-lambert.fr\/wpats\/wp-content\/uploads\/2025\/10\/Ski_Bernex_prepa-jan-2025_H264_1080p_Full_HD1.mp4<\/a><\/video><\/div>\n<p>&nbsp;<\/p>\n","protected":false},"excerpt":{"rendered":"<p>Depuis la rentr\u00e9e 2022, nous\u00a0 partons en classe de neige dans les Alpes ! Nous avons\u00a0 la chance d&rsquo;\u00e9tudier le matin\u00a0 entour\u00e9s d&rsquo;un superbe panorama et de profiter des joies de la glisse l&rsquo;apr\u00e8s-midi. Nous en profiton \u00e9galement pour visiter une usine de fabrication de neige artificielle et mettre en pratique les connaissances en thermodynamique. &hellip; <a href=\"https:\/\/ats-genie-civil-saint-lambert.fr\/wpats\/la-cpge-ats-en-classe-de-neige\/\" class=\"more-link\">Continuer la lecture<span class=\"screen-reader-text\"> de &laquo;&nbsp;La CPGE ATS en classe de neige&nbsp;&raquo;<\/span><\/a><\/p>\n","protected":false},"author":1,"featured_media":0,"parent":0,"menu_order":0,"comment_status":"closed","ping_status":"closed","template":"","meta":{"footnotes":""},"class_list":["post-878","page","type-page","status-publish","hentry"],"jetpack_sharing_enabled":true,"_links":{"self":[{"href":"https:\/\/ats-genie-civil-saint-lambert.fr\/wpats\/wp-json\/wp\/v2\/pages\/878","targetHints":{"allow":["GET"]}}],"collection":[{"href":"https:\/\/ats-genie-civil-saint-lambert.fr\/wpats\/wp-json\/wp\/v2\/pages"}],"about":[{"href":"https:\/\/ats-genie-civil-saint-lambert.fr\/wpats\/wp-json\/wp\/v2\/types\/page"}],"author":[{"embeddable":true,"href":"https:\/\/ats-genie-civil-saint-lambert.fr\/wpats\/wp-json\/wp\/v2\/users\/1"}],"replies":[{"embeddable":true,"href":"https:\/\/ats-genie-civil-saint-lambert.fr\/wpats\/wp-json\/wp\/v2\/comments?post=878"}],"version-history":[{"count":7,"href":"https:\/\/ats-genie-civil-saint-lambert.fr\/wpats\/wp-json\/wp\/v2\/pages\/878\/revisions"}],"predecessor-version":[{"id":1273,"href":"https:\/\/ats-genie-civil-saint-lambert.fr\/wpats\/wp-json\/wp\/v2\/pages\/878\/revisions\/1273"}],"wp:attachment":[{"href":"https:\/\/ats-genie-civil-saint-lambert.fr\/wpats\/wp-json\/wp\/v2\/media?parent=878"}],"curies":[{"name":"wp","href":"https:\/\/api.w.org\/{rel}","templated":true}]}}